{"id":91,"date":"2017-12-27T11:19:09","date_gmt":"2017-12-27T10:19:09","guid":{"rendered":"http:\/\/mangal-restaurant.com\/?page_id=91"},"modified":"2018-07-29T12:07:13","modified_gmt":"2018-07-29T11:07:13","slug":"test","status":"publish","type":"page","link":"https:\/\/www.mangal-restaurant.de\/","title":{"rendered":"Mangal Restaurant"},"content":{"rendered":"<p>T\u00fcrkische Gastfreundschaft hat einen Namen \u2013 MANGAL Entdecken Sie unsere Spezialit\u00e4ten f\u00fcr sich und lernen Sie die feinen Aromen unserer K\u00fcche lieben. Tradition und hochwertige Zutaten sind unser Rezept. Qualit\u00e4t und Erfahrung sind unsere Grundlage. Erleben Sie die ber\u00fc <a href=\"https:\/\/www.mangal-restaurant.de\/\" title=\"Read more on Mangal Restaurant\" class=\"more-link\">read more<\/a><\/p>\n","protected":false},"excerpt":{"rendered":"<p>T\u00fcrkische Gastfreundschaft hat einen Namen \u2013 MANGAL Entdecken Sie unsere Spezialit\u00e4ten f\u00fcr sich und lernen Sie die feinen Aromen unserer K\u00fcche lieben. Tradition und hochwertige Zutaten sind unser Rezept. Qualit\u00e4t und Erfahrung sind unsere Grundlage. Erleben Sie die ber\u00fc read more<\/p>\n","protected":false},"author":1,"featured_media":0,"parent":0,"menu_order":0,"comment_status":"closed","ping_status":"closed","template":"","meta":{"footnotes":""},"class_list":["post-91","page","type-page","status-publish","hentry","no-thumb"],"_links":{"self":[{"href":"https:\/\/www.mangal-restaurant.de\/index.php?rest_route=\/wp\/v2\/pages\/91","targetHints":{"allow":["GET"]}}],"collection":[{"href":"https:\/\/www.mangal-restaurant.de\/index.php?rest_route=\/wp\/v2\/pages"}],"about":[{"href":"https:\/\/www.mangal-restaurant.de\/index.php?rest_route=\/wp\/v2\/types\/page"}],"author":[{"embeddable":true,"href":"https:\/\/www.mangal-restaurant.de\/index.php?rest_route=\/wp\/v2\/users\/1"}],"replies":[{"embeddable":true,"href":"https:\/\/www.mangal-restaurant.de\/index.php?rest_route=%2Fwp%2Fv2%2Fcomments&post=91"}],"version-history":[{"count":30,"href":"https:\/\/www.mangal-restaurant.de\/index.php?rest_route=\/wp\/v2\/pages\/91\/revisions"}],"predecessor-version":[{"id":306,"href":"https:\/\/www.mangal-restaurant.de\/index.php?rest_route=\/wp\/v2\/pages\/91\/revisions\/306"}],"wp:attachment":[{"href":"https:\/\/www.mangal-restaurant.de\/index.php?rest_route=%2Fwp%2Fv2%2Fmedia&parent=91"}],"curies":[{"name":"wp","href":"https:\/\/api.w.org\/{rel}","templated":true}]}}