{"id":255,"date":"2018-01-01T00:04:58","date_gmt":"2017-12-31T23:04:58","guid":{"rendered":"http:\/\/mangal-restaurant.com\/?page_id=255"},"modified":"2024-08-15T00:07:06","modified_gmt":"2024-08-14T23:07:06","slug":"ueber-uns","status":"publish","type":"page","link":"https:\/\/www.mangal-restaurant.de\/?page_id=255","title":{"rendered":"\u00dcber uns"},"content":{"rendered":"<p>T\u00fcrkische Gastfreundschaft hat einen Namen &#8211;\u00a0MANGAL Unser\u00a0Antrieb ist es Ihre W\u00fcnsche und Bed\u00fcrfnisse stets zu erf\u00fcllen.\u00a0Besonders unsere Stammg\u00e4ste sch\u00e4tzen unseren erstklassigen Service der daf\u00fcr sorgt, dass Sie sich bei uns einfach wohlf\u00fchlen. Jeder Gast wird v <a href=\"https:\/\/www.mangal-restaurant.de\/?page_id=255\" title=\"Read more on \u00dcber uns\" class=\"more-link\">read more<\/a><\/p>\n","protected":false},"excerpt":{"rendered":"<p>T\u00fcrkische Gastfreundschaft hat einen Namen &#8211;\u00a0MANGAL Unser\u00a0Antrieb ist es Ihre W\u00fcnsche und Bed\u00fcrfnisse stets zu erf\u00fcllen.\u00a0Besonders unsere Stammg\u00e4ste sch\u00e4tzen unseren erstklassigen Service der daf\u00fcr sorgt, dass Sie sich bei uns einfach wohlf\u00fchlen. Jeder Gast wird v read more<\/p>\n","protected":false},"author":1,"featured_media":0,"parent":0,"menu_order":0,"comment_status":"closed","ping_status":"closed","template":"","meta":{"footnotes":""},"class_list":["post-255","page","type-page","status-publish","hentry","no-thumb"],"_links":{"self":[{"href":"https:\/\/www.mangal-restaurant.de\/index.php?rest_route=\/wp\/v2\/pages\/255","targetHints":{"allow":["GET"]}}],"collection":[{"href":"https:\/\/www.mangal-restaurant.de\/index.php?rest_route=\/wp\/v2\/pages"}],"about":[{"href":"https:\/\/www.mangal-restaurant.de\/index.php?rest_route=\/wp\/v2\/types\/page"}],"author":[{"embeddable":true,"href":"https:\/\/www.mangal-restaurant.de\/index.php?rest_route=\/wp\/v2\/users\/1"}],"replies":[{"embeddable":true,"href":"https:\/\/www.mangal-restaurant.de\/index.php?rest_route=%2Fwp%2Fv2%2Fcomments&post=255"}],"version-history":[{"count":7,"href":"https:\/\/www.mangal-restaurant.de\/index.php?rest_route=\/wp\/v2\/pages\/255\/revisions"}],"predecessor-version":[{"id":549,"href":"https:\/\/www.mangal-restaurant.de\/index.php?rest_route=\/wp\/v2\/pages\/255\/revisions\/549"}],"wp:attachment":[{"href":"https:\/\/www.mangal-restaurant.de\/index.php?rest_route=%2Fwp%2Fv2%2Fmedia&parent=255"}],"curies":[{"name":"wp","href":"https:\/\/api.w.org\/{rel}","templated":true}]}}